{"id":1527,"date":"2022-03-30T08:21:07","date_gmt":"2022-03-30T13:21:07","guid":{"rendered":"https:\/\/pruebas.fondoaltatec.com\/?page_id=1527"},"modified":"2025-09-30T11:41:46","modified_gmt":"2025-09-30T16:41:46","slug":"normatividad","status":"publish","type":"page","link":"https:\/\/fondoaltatec.com\/?page_id=1527","title":{"rendered":"Normatividad"},"content":{"rendered":"\n<p class=\"has-text-align-left\"><strong>Informe de gesti\u00f3n y balance social<\/strong><\/p>\n\n\n\n<div class=\"wp-block-group\"><div class=\"wp-block-group__inner-container is-layout-constrained wp-block-group-is-layout-constrained\"><iframe class=\"embed-pdf-viewer lazyload\" data-src=\"https:\/\/fondoaltatec.com\/wp-content\/uploads\/2025\/09\/BALANCE-SOCIAL_2024.pdf\" height=\"600\" width=\"600\" title=\"BALANCE SOCIAL_2024\" src=\"data:image\/svg+xml;base64,PHN2ZyB3aWR0aD0iMSIgaGVpZ2h0PSIxIiB4bWxucz0iaHR0cDovL3d3dy53My5vcmcvMjAwMC9zdmciPjwvc3ZnPg==\" data-load-mode=\"1\"><\/iframe><\/div><\/div>\n\n\n\n<p class=\"has-text-align-left\"><strong>Reglamento de cr\u00e9dito y cobranza  <\/strong><\/p>\n\n\n\n<div class=\"wp-block-group\"><div class=\"wp-block-group__inner-container is-layout-constrained wp-block-group-is-layout-constrained\"><iframe class=\"embed-pdf-viewer lazyload\" data-src=\"https:\/\/fondoaltatec.com\/wp-content\/uploads\/2025\/09\/Reglamento-de-credito-y-cobranza2505.pdf\" height=\"600\" width=\"600\" title=\"Reglamento de credito y cobranza2505\" src=\"data:image\/svg+xml;base64,PHN2ZyB3aWR0aD0iMSIgaGVpZ2h0PSIxIiB4bWxucz0iaHR0cDovL3d3dy53My5vcmcvMjAwMC9zdmciPjwvc3ZnPg==\" data-load-mode=\"1\"><\/iframe><\/div><\/div>\n\n\n\n<p class=\"has-text-align-left\"><strong>Estatutos <\/strong><\/p>\n\n\n<iframe class=\"embed-pdf-viewer lazyload\" data-src=\"https:\/\/fondoaltatec.com\/wp-content\/uploads\/2025\/09\/ESTATUTOS.pdf\" height=\"600\" width=\"600\" title=\"ESTATUTOS\" src=\"data:image\/svg+xml;base64,PHN2ZyB3aWR0aD0iMSIgaGVpZ2h0PSIxIiB4bWxucz0iaHR0cDovL3d3dy53My5vcmcvMjAwMC9zdmciPjwvc3ZnPg==\" data-load-mode=\"1\"><\/iframe>\n\n\n<p class=\"has-text-align-left\"><strong>Reglamento de solidaridad<\/strong><\/p>\n\n\n<iframe class=\"embed-pdf-viewer lazyload\" data-src=\"https:\/\/fondoaltatec.com\/wp-content\/uploads\/2025\/09\/Reglamento-Solidaridad.pdf\" height=\"600\" width=\"600\" title=\"Reglamento Solidaridad\" src=\"data:image\/svg+xml;base64,PHN2ZyB3aWR0aD0iMSIgaGVpZ2h0PSIxIiB4bWxucz0iaHR0cDovL3d3dy53My5vcmcvMjAwMC9zdmciPjwvc3ZnPg==\" data-load-mode=\"1\"><\/iframe>\n\n\n<p class=\"has-text-align-left\"><strong>Pol\u00edtica y protecci\u00f3n de datos personales<\/strong><\/p>\n\n\n<iframe class=\"embed-pdf-viewer lazyload\" data-src=\"https:\/\/fondoaltatec.com\/wp-content\/uploads\/2025\/09\/Microsoft-Word-MANUAL-DE-POLITICAS-Y-PROCEDIMIENTOS-vr5.docx.pdf\" height=\"600\" width=\"600\" title=\"Microsoft Word - MANUAL DE POLITICAS Y PROCEDIMIENTOS vr5.docx\" src=\"data:image\/svg+xml;base64,PHN2ZyB3aWR0aD0iMSIgaGVpZ2h0PSIxIiB4bWxucz0iaHR0cDovL3d3dy53My5vcmcvMjAwMC9zdmciPjwvc3ZnPg==\" data-load-mode=\"1\"><\/iframe>","protected":false},"excerpt":{"rendered":"<p>Informe de gesti\u00f3n y balance social Reglamento de cr\u00e9dito y cobranza Estatutos Reglamento de solidaridad Pol\u00edtica y protecci\u00f3n de datos personales<\/p>\n","protected":false},"author":1,"featured_media":0,"parent":0,"menu_order":0,"comment_status":"closed","ping_status":"closed","template":"","meta":{"om_disable_all_campaigns":false,"_monsterinsights_skip_tracking":false,"_monsterinsights_sitenote_active":false,"_monsterinsights_sitenote_note":"","_monsterinsights_sitenote_category":0,"footnotes":""},"class_list":["post-1527","page","type-page","status-publish","hentry"],"_links":{"self":[{"href":"https:\/\/fondoaltatec.com\/index.php?rest_route=\/wp\/v2\/pages\/1527","targetHints":{"allow":["GET"]}}],"collection":[{"href":"https:\/\/fondoaltatec.com\/index.php?rest_route=\/wp\/v2\/pages"}],"about":[{"href":"https:\/\/fondoaltatec.com\/index.php?rest_route=\/wp\/v2\/types\/page"}],"author":[{"embeddable":true,"href":"https:\/\/fondoaltatec.com\/index.php?rest_route=\/wp\/v2\/users\/1"}],"replies":[{"embeddable":true,"href":"https:\/\/fondoaltatec.com\/index.php?rest_route=%2Fwp%2Fv2%2Fcomments&post=1527"}],"version-history":[{"count":8,"href":"https:\/\/fondoaltatec.com\/index.php?rest_route=\/wp\/v2\/pages\/1527\/revisions"}],"predecessor-version":[{"id":26802,"href":"https:\/\/fondoaltatec.com\/index.php?rest_route=\/wp\/v2\/pages\/1527\/revisions\/26802"}],"wp:attachment":[{"href":"https:\/\/fondoaltatec.com\/index.php?rest_route=%2Fwp%2Fv2%2Fmedia&parent=1527"}],"curies":[{"name":"wp","href":"https:\/\/api.w.org\/{rel}","templated":true}]}}